{"id":290,"date":"2019-08-27T18:23:35","date_gmt":"2019-08-27T18:23:35","guid":{"rendered":"https:\/\/dev.net-vision.cz\/dusektesar.cz\/?page_id=290"},"modified":"2019-09-16T10:11:05","modified_gmt":"2019-09-16T10:11:05","slug":"cisteni-kanalizace","status":"publish","type":"page","link":"https:\/\/www.dusektesar.cz\/?page_id=290","title":{"rendered":"\u010cI\u0160T\u011aN\u00cd KANALIZACE"},"content":{"rendered":"<p>[et_pb_section fb_built=&#8220;1&#8243; custom_padding_last_edited=&#8220;on|phone&#8220; _builder_version=&#8220;3.22.2&#8243; background_color=&#8220;rgba(0,0,0,0.44)&#8220; background_image=&#8220;https:\/\/www.dusektesar.cz\/wp-content\/uploads\/2019\/09\/banner-2.png&#8220; background_blend=&#8220;overlay&#8220; custom_margin=&#8220;|||&#8220; custom_padding=&#8220;90px||220px|&#8220; custom_padding_phone=&#8220;100px||185px|&#8220;][et_pb_row custom_padding=&#8220;0|0px|0|0px&#8220; _builder_version=&#8220;3.22&#8243; background_color_gradient_direction=&#8220;135deg&#8220; background_size=&#8220;initial&#8220; background_position=&#8220;top_left&#8220; background_repeat=&#8220;repeat&#8220; max_width=&#8220;1063px&#8220; animation_style=&#8220;flip&#8220; animation_direction=&#8220;bottom&#8220; animation_duration=&#8220;1250ms&#8220; animation_intensity_flip=&#8220;100%&#8220; use_custom_width=&#8220;on&#8220; custom_width_px=&#8220;1063px&#8220;][et_pb_column type=&#8220;4_4&#8243; _builder_version=&#8220;3.0.47&#8243;][et_pb_text _builder_version=&#8220;3.22.2&#8243; text_font=&#8220;||||||||&#8220; header_font=&#8220;|800|||||||&#8220; header_text_align=&#8220;center&#8220; header_font_size=&#8220;70px&#8220; header_font_size_tablet=&#8220;52px&#8220; header_font_size_phone=&#8220;40px&#8220; header_font_size_last_edited=&#8220;on|tablet&#8220; header_letter_spacing=&#8220;5px&#8220; header_text_shadow_style=&#8220;preset3&#8243; header_text_shadow_horizontal_length=&#8220;0.03em&#8220; header_text_shadow_vertical_length=&#8220;0.03em&#8220; header_text_shadow_blur_strength=&#8220;0.01em&#8220; background_color_gradient_direction=&#8220;90deg&#8220; background_layout=&#8220;dark&#8220; custom_margin=&#8220;|||&#8220; custom_padding=&#8220;30px|||&#8220;]<\/p>\n<h1>\u010ci\u0161t\u011bn\u00ed kanalizace<\/h1>\n<p>[\/et_pb_text][\/et_pb_column][\/et_pb_row][\/et_pb_section][et_pb_section fb_built=&#8220;1&#8243; _builder_version=&#8220;3.22&#8243; background_color=&#8220;rgba(255,255,255,0)&#8220; custom_margin=&#8220;-230px|||&#8220; custom_padding=&#8220;110px|0px|4px|0px&#8220; bottom_divider_style=&#8220;arrow&#8220; bottom_divider_color=&#8220;#f5f5f5&#8243; bottom_divider_height=&#8220;150px&#8220; bottom_divider_height_tablet=&#8220;83px&#8220; bottom_divider_height_phone=&#8220;63px&#8220; bottom_divider_height_last_edited=&#8220;on|desktop&#8220;][et_pb_row custom_padding=&#8220;50px|50px|50px|50px&#8220; custom_padding_phone=&#8220;|0px||0px&#8220; custom_margin=&#8220;|||&#8220; make_equal=&#8220;on&#8220; custom_padding_last_edited=&#8220;on|phone&#8220; padding_1_tablet=&#8220;|50px|0px|&#8220; padding_2_tablet=&#8220;150px||150px|&#8220; padding_1_phone=&#8220;35px|35px|0px|35px&#8220; padding_2_phone=&#8220;100px||100px|&#8220; padding_1_last_edited=&#8220;on|tablet&#8220; padding_2_last_edited=&#8220;on|tablet&#8220; _builder_version=&#8220;3.22&#8243; background_color=&#8220;#ffffff&#8220; border_radii=&#8220;on|10px|10px|10px|10px&#8220; box_shadow_style=&#8220;preset1&#8243; box_shadow_blur=&#8220;35px&#8220; box_shadow_spread=&#8220;10px&#8220; box_shadow_color=&#8220;rgba(0,0,0,0.1)&#8220; animation_style=&#8220;slide&#8220; animation_direction=&#8220;bottom&#8220; animation_starting_opacity=&#8220;100%&#8220; custom_css_main_element=&#8220;z-index:99999;&#8220;][et_pb_column type=&#8220;2_3&#8243; _builder_version=&#8220;3.0.47&#8243;][et_pb_text _builder_version=&#8220;3.22.2&#8243; text_font=&#8220;||||||||&#8220; header_font=&#8220;||||||||&#8220; header_2_font=&#8220;|600|||||||&#8220; header_2_text_align=&#8220;left&#8220; header_2_text_color=&#8220;#00aaa2&#8243; header_2_font_size=&#8220;36px&#8220; header_2_font_size_phone=&#8220;30px&#8220; header_2_font_size_last_edited=&#8220;on|phone&#8220; header_2_letter_spacing=&#8220;8px&#8220; custom_margin=&#8220;||25px|&#8220;]<\/p>\n<h2>\u010ci\u0161t\u011bn\u00ed kanalizace<\/h2>\n<p>[\/et_pb_text][et_pb_text _builder_version=&#8220;3.22.2&#8243;]<\/p>\n<ul>\n<li>pro\u010di\u0161t\u011bn\u00ed ucpan\u00e9 kanalizace s pou\u017eit\u00edm\u00a0tlakov\u00e9 \u010distic\u00ed soupravy<\/li>\n<li><strong>prohl\u00eddka kanalizace kamerou v\u010detn\u011b videoz\u00e1znamu<span>\u00a0<\/span><\/strong>a vyty\u010den\u00ed trasy kanalizace<\/li>\n<li>rozvody vnit\u0159n\u00ed a venkovn\u00ed kanalizace v\u010detn\u011b v\u00fdkopov\u00fdch prac\u00ed<\/li>\n<\/ul>\n<p>[\/et_pb_text][\/et_pb_column][et_pb_column type=&#8220;1_3&#8243; _builder_version=&#8220;3.0.47&#8243;][et_pb_image src=&#8220;https:\/\/www.dusektesar.cz\/wp-content\/uploads\/2019\/08\/VTP2.jpg&#8220; _builder_version=&#8220;3.22.2&#8243; custom_margin=&#8220;75px|||&#8220; custom_margin_tablet=&#8220;0px|||&#8220; custom_margin_last_edited=&#8220;on|desktop&#8220;][\/et_pb_image][\/et_pb_column][\/et_pb_row][\/et_pb_section][et_pb_section fb_built=&#8220;1&#8243; custom_padding_last_edited=&#8220;on|phone&#8220; _builder_version=&#8220;3.22&#8243; background_color=&#8220;#f5f5f5&#8243; custom_padding=&#8220;59px|0px|230px|0px&#8220; custom_padding_tablet=&#8220;||150px|&#8220; custom_padding_phone=&#8220;0px||100px|&#8220; bottom_divider_style=&#8220;mountains2&#8243; bottom_divider_color=&#8220;#00aaa2&#8243; bottom_divider_height=&#8220;111px&#8220; bottom_divider_repeat=&#8220;10x&#8220; bottom_divider_flip=&#8220;horizontal&#8220; bottom_divider_height_tablet=&#8220;89px&#8220; bottom_divider_height_phone=&#8220;69px&#8220; bottom_divider_height_last_edited=&#8220;on|tablet&#8220; bottom_divider_repeat_tablet=&#8220;7x&#8220; bottom_divider_repeat_phone=&#8220;5x&#8220; bottom_divider_repeat_last_edited=&#8220;on|phone&#8220;][et_pb_row _builder_version=&#8220;3.22.2&#8243;][et_pb_column type=&#8220;4_4&#8243; _builder_version=&#8220;3.22.2&#8243;][et_pb_gallery gallery_ids=&#8220;251,337&#8243; posts_number=&#8220;2&#8243; show_title_and_caption=&#8220;off&#8220; show_pagination=&#8220;off&#8220; _builder_version=&#8220;3.22.2&#8243;][\/et_pb_gallery][\/et_pb_column][\/et_pb_row][\/et_pb_section]<\/p>\n","protected":false},"excerpt":{"rendered":"<p>[et_pb_section fb_built=&#8220;1&#8243; custom_padding_last_edited=&#8220;on|phone&#8220; _builder_version=&#8220;3.22.2&#8243; background_color=&#8220;rgba(0,0,0,0.44)&#8220; background_image=&#8220;https:\/\/www.dusektesar.cz\/wp-content\/uploads\/2019\/09\/banner-2.png&#8220; background_blend=&#8220;overlay&#8220; custom_margin=&#8220;|||&#8220; custom_padding=&#8220;90px||220px|&#8220; custom_padding_phone=&#8220;100px||185px|&#8220;][et_pb_row custom_padding=&#8220;0|0px|0|0px&#8220; _builder_version=&#8220;3.22&#8243; background_color_gradient_direction=&#8220;135deg&#8220; background_size=&#8220;initial&#8220; background_position=&#8220;top_left&#8220; background_repeat=&#8220;repeat&#8220; max_width=&#8220;1063px&#8220; animation_style=&#8220;flip&#8220; animation_direction=&#8220;bottom&#8220; animation_duration=&#8220;1250ms&#8220; animation_intensity_flip=&#8220;100%&#8220; use_custom_width=&#8220;on&#8220; custom_width_px=&#8220;1063px&#8220;][et_pb_column type=&#8220;4_4&#8243; _builder_version=&#8220;3.0.47&#8243;][et_pb_text _builder_version=&#8220;3.22.2&#8243; text_font=&#8220;||||||||&#8220; header_font=&#8220;|800|||||||&#8220; header_text_align=&#8220;center&#8220; header_font_size=&#8220;70px&#8220; header_font_size_tablet=&#8220;52px&#8220; header_font_size_phone=&#8220;40px&#8220; header_font_size_last_edited=&#8220;on|tablet&#8220; header_letter_spacing=&#8220;5px&#8220; header_text_shadow_style=&#8220;preset3&#8243; header_text_shadow_horizontal_length=&#8220;0.03em&#8220; header_text_shadow_vertical_length=&#8220;0.03em&#8220; header_text_shadow_blur_strength=&#8220;0.01em&#8220; background_color_gradient_direction=&#8220;90deg&#8220; background_layout=&#8220;dark&#8220; custom_margin=&#8220;|||&#8220; custom_padding=&#8220;30px|||&#8220;] \u010ci\u0161t\u011bn\u00ed kanalizace [\/et_pb_text][\/et_pb_column][\/et_pb_row][\/et_pb_section][et_pb_section fb_built=&#8220;1&#8243; _builder_version=&#8220;3.22&#8243; background_color=&#8220;rgba(255,255,255,0)&#8220; custom_margin=&#8220;-230px|||&#8220; custom_padding=&#8220;110px|0px|4px|0px&#8220; bottom_divider_style=&#8220;arrow&#8220; bottom_divider_color=&#8220;#f5f5f5&#8243; bottom_divider_height=&#8220;150px&#8220; bottom_divider_height_tablet=&#8220;83px&#8220; bottom_divider_height_phone=&#8220;63px&#8220; [&hellip;]<\/p>\n","protected":false},"author":4,"featured_media":0,"parent":0,"menu_order":0,"comment_status":"closed","ping_status":"closed","template":"","meta":{"_et_pb_use_builder":"on","_et_pb_old_content":""},"_links":{"self":[{"href":"https:\/\/www.dusektesar.cz\/index.php?rest_route=\/wp\/v2\/pages\/290"}],"collection":[{"href":"https:\/\/www.dusektesar.cz\/index.php?rest_route=\/wp\/v2\/pages"}],"about":[{"href":"https:\/\/www.dusektesar.cz\/index.php?rest_route=\/wp\/v2\/types\/page"}],"author":[{"embeddable":true,"href":"https:\/\/www.dusektesar.cz\/index.php?rest_route=\/wp\/v2\/users\/4"}],"replies":[{"embeddable":true,"href":"https:\/\/www.dusektesar.cz\/index.php?rest_route=%2Fwp%2Fv2%2Fcomments&post=290"}],"version-history":[{"count":7,"href":"https:\/\/www.dusektesar.cz\/index.php?rest_route=\/wp\/v2\/pages\/290\/revisions"}],"predecessor-version":[{"id":360,"href":"https:\/\/www.dusektesar.cz\/index.php?rest_route=\/wp\/v2\/pages\/290\/revisions\/360"}],"wp:attachment":[{"href":"https:\/\/www.dusektesar.cz\/index.php?rest_route=%2Fwp%2Fv2%2Fmedia&parent=290"}],"curies":[{"name":"wp","href":"https:\/\/api.w.org\/{rel}","templated":true}]}}