{"id":273,"date":"2019-08-27T18:17:50","date_gmt":"2019-08-27T18:17:50","guid":{"rendered":"https:\/\/dev.net-vision.cz\/dusektesar.cz\/?page_id=273"},"modified":"2019-09-16T10:11:48","modified_gmt":"2019-09-16T10:11:48","slug":"pronajem-bytu-a-salu-kd","status":"publish","type":"page","link":"https:\/\/www.dusektesar.cz\/?page_id=273","title":{"rendered":"PRON\u00c1JEM BYT\u016e A S\u00c1LU KD"},"content":{"rendered":"<p>[et_pb_section fb_built=&#8220;1&#8243; custom_padding_last_edited=&#8220;on|phone&#8220; _builder_version=&#8220;3.22.2&#8243; background_color=&#8220;rgba(0,0,0,0.44)&#8220; background_image=&#8220;https:\/\/www.dusektesar.cz\/wp-content\/uploads\/2019\/09\/banner-2.png&#8220; background_blend=&#8220;overlay&#8220; custom_margin=&#8220;|||&#8220; custom_padding=&#8220;90px||220px|&#8220; custom_padding_phone=&#8220;100px||185px|&#8220;][et_pb_row custom_padding=&#8220;0|0px|0|0px&#8220; _builder_version=&#8220;3.22&#8243; background_color_gradient_direction=&#8220;135deg&#8220; background_size=&#8220;initial&#8220; background_position=&#8220;top_left&#8220; background_repeat=&#8220;repeat&#8220; max_width=&#8220;1063px&#8220; animation_style=&#8220;flip&#8220; animation_direction=&#8220;bottom&#8220; animation_duration=&#8220;1250ms&#8220; animation_intensity_flip=&#8220;100%&#8220; use_custom_width=&#8220;on&#8220; custom_width_px=&#8220;1063px&#8220;][et_pb_column type=&#8220;4_4&#8243; _builder_version=&#8220;3.0.47&#8243;][et_pb_text _builder_version=&#8220;3.22.2&#8243; text_font=&#8220;||||||||&#8220; header_font=&#8220;|800|||||||&#8220; header_text_align=&#8220;center&#8220; header_font_size=&#8220;70px&#8220; header_font_size_tablet=&#8220;52px&#8220; header_font_size_phone=&#8220;40px&#8220; header_font_size_last_edited=&#8220;on|tablet&#8220; header_letter_spacing=&#8220;5px&#8220; header_text_shadow_style=&#8220;preset3&#8243; header_text_shadow_horizontal_length=&#8220;0.03em&#8220; header_text_shadow_vertical_length=&#8220;0.03em&#8220; header_text_shadow_blur_strength=&#8220;0.01em&#8220; background_color_gradient_direction=&#8220;90deg&#8220; background_layout=&#8220;dark&#8220; custom_margin=&#8220;|||&#8220; custom_padding=&#8220;30px|||&#8220;]<\/p>\n<h1>PRON\u00c1JEM BYT\u016e A S\u00c1LU KD<\/h1>\n<p>[\/et_pb_text][\/et_pb_column][\/et_pb_row][\/et_pb_section][et_pb_section fb_built=&#8220;1&#8243; _builder_version=&#8220;3.22&#8243; background_color=&#8220;rgba(255,255,255,0)&#8220; custom_margin=&#8220;-230px|||&#8220; custom_padding=&#8220;110px|0px|4px|0px&#8220; bottom_divider_style=&#8220;arrow&#8220; bottom_divider_color=&#8220;#f5f5f5&#8243; bottom_divider_height=&#8220;150px&#8220; bottom_divider_height_tablet=&#8220;83px&#8220; bottom_divider_height_phone=&#8220;63px&#8220; bottom_divider_height_last_edited=&#8220;on|desktop&#8220;][et_pb_row custom_padding=&#8220;50px|50px|50px|50px&#8220; custom_padding_phone=&#8220;|0px||0px&#8220; custom_margin=&#8220;|||&#8220; make_equal=&#8220;on&#8220; custom_padding_last_edited=&#8220;on|phone&#8220; padding_1_tablet=&#8220;|50px|0px|&#8220; padding_2_tablet=&#8220;150px||150px|&#8220; padding_1_phone=&#8220;35px|35px|0px|35px&#8220; padding_2_phone=&#8220;100px||100px|&#8220; padding_1_last_edited=&#8220;on|tablet&#8220; padding_2_last_edited=&#8220;on|tablet&#8220; _builder_version=&#8220;3.22&#8243; background_color=&#8220;#ffffff&#8220; border_radii=&#8220;on|10px|10px|10px|10px&#8220; box_shadow_style=&#8220;preset1&#8243; box_shadow_blur=&#8220;35px&#8220; box_shadow_spread=&#8220;10px&#8220; box_shadow_color=&#8220;rgba(0,0,0,0.1)&#8220; animation_style=&#8220;slide&#8220; animation_direction=&#8220;bottom&#8220; animation_starting_opacity=&#8220;100%&#8220; custom_css_main_element=&#8220;z-index:99999;&#8220;][et_pb_column type=&#8220;2_3&#8243; _builder_version=&#8220;3.0.47&#8243;][et_pb_text _builder_version=&#8220;3.22.2&#8243; text_font=&#8220;||||||||&#8220; header_font=&#8220;||||||||&#8220; header_2_font=&#8220;|600|||||||&#8220; header_2_text_align=&#8220;left&#8220; header_2_text_color=&#8220;#00aaa2&#8243; header_2_font_size=&#8220;36px&#8220; header_2_font_size_phone=&#8220;30px&#8220; header_2_font_size_last_edited=&#8220;on|phone&#8220; header_2_letter_spacing=&#8220;8px&#8220; custom_margin=&#8220;||25px|&#8220;]<\/p>\n<h2>PRON\u00c1JEM BYT\u016e A S\u00c1LU KD<\/h2>\n<p>[\/et_pb_text][et_pb_text _builder_version=&#8220;3.22.2&#8243;]<\/p>\n<h5>Pron\u00e1jem byt\u016f Na Dolech 8<\/h5>\n<div class=\"clearfix\">\n<p>Nab\u00edz\u00edme dlouhodob\u00fd pron\u00e1jem byt\u016f v nov\u011b postaven\u00e9m dom\u011b na ulici Na dolech 8 v Jihlav\u011b a ve \u0160tok\u00e1ch 1.<br \/> Bli\u017e\u0161\u00ed info na tel. 603 158 940<\/p>\n<p>&nbsp;<\/p>\n<h4>Pron\u00e1jem s\u00e1lu \u0160toky 1 KD<\/h4>\n<div class=\"clearfix\">\n<p><a href=\"https:\/\/www.dusektesar.cz\/image.php?nid=10092&amp;oid=2277504&amp;width=900\" class=\"image-detail\" data-caption=\"IMG_0650.JPG\"><\/a><br \/>Pron\u00e1jem s\u00e1lu s kapacitou 250 &#8211; 300 osob. Nov\u00e9 soci\u00e1ln\u00ed za\u0159\u00edzen\u00ed. Vhodn\u00e9 pro akce v\u0161eho druhu.<br \/>Bl\u017e\u0161\u00ed info na tel. 603 158 940.<\/p>\n<\/div>\n<\/div>\n<p>[\/et_pb_text][\/et_pb_column][et_pb_column type=&#8220;1_3&#8243; _builder_version=&#8220;3.0.47&#8243;][et_pb_image src=&#8220;https:\/\/www.dusektesar.cz\/wp-content\/uploads\/2019\/08\/P1017420.jpg&#8220; _builder_version=&#8220;3.22.2&#8243; custom_margin=&#8220;75px|||&#8220; custom_margin_tablet=&#8220;0px|||&#8220; custom_margin_last_edited=&#8220;on|desktop&#8220;][\/et_pb_image][\/et_pb_column][\/et_pb_row][\/et_pb_section][et_pb_section fb_built=&#8220;1&#8243; custom_padding_last_edited=&#8220;on|phone&#8220; next_background_color=&#8220;#f5f5f5&#8243; _builder_version=&#8220;3.22&#8243; custom_padding=&#8220;175px|0px|200px|0px&#8220; custom_padding_phone=&#8220;||200px|&#8220; top_divider_style=&#8220;arrow&#8220; top_divider_color=&#8220;#f5f5f5&#8243; top_divider_height=&#8220;190px&#8220; top_divider_flip=&#8220;vertical&#8220; top_divider_height_tablet=&#8220;83px&#8220; top_divider_height_phone=&#8220;63px&#8220; top_divider_height_last_edited=&#8220;on|tablet&#8220; bottom_divider_style=&#8220;arrow&#8220; bottom_divider_height=&#8220;150px&#8220; bottom_divider_height_tablet=&#8220;83px&#8220; bottom_divider_height_phone=&#8220;63px&#8220; bottom_divider_height_last_edited=&#8220;on|tablet&#8220;][et_pb_row _builder_version=&#8220;3.22.2&#8243;][et_pb_column type=&#8220;4_4&#8243; _builder_version=&#8220;3.22.2&#8243;][et_pb_gallery gallery_ids=&#8220;277,278,279,280,281,282,283,284&#8243; posts_number=&#8220;8&#8243; show_title_and_caption=&#8220;off&#8220; show_pagination=&#8220;off&#8220; _builder_version=&#8220;3.22.2&#8243;][\/et_pb_gallery][\/et_pb_column][\/et_pb_row][\/et_pb_section][et_pb_section fb_built=&#8220;1&#8243; custom_padding_last_edited=&#8220;on|phone&#8220; _builder_version=&#8220;3.22&#8243; background_color=&#8220;#f5f5f5&#8243; custom_padding=&#8220;59px|0px|230px|0px&#8220; custom_padding_tablet=&#8220;||150px|&#8220; custom_padding_phone=&#8220;0px||100px|&#8220; bottom_divider_style=&#8220;mountains2&#8243; bottom_divider_color=&#8220;#00aaa2&#8243; bottom_divider_height=&#8220;111px&#8220; bottom_divider_repeat=&#8220;10x&#8220; bottom_divider_flip=&#8220;horizontal&#8220; bottom_divider_height_tablet=&#8220;89px&#8220; bottom_divider_height_phone=&#8220;69px&#8220; bottom_divider_height_last_edited=&#8220;on|tablet&#8220; bottom_divider_repeat_tablet=&#8220;7x&#8220; bottom_divider_repeat_phone=&#8220;5x&#8220; bottom_divider_repeat_last_edited=&#8220;on|phone&#8220;][\/et_pb_section]<\/p>\n","protected":false},"excerpt":{"rendered":"<p>[et_pb_section fb_built=&#8220;1&#8243; custom_padding_last_edited=&#8220;on|phone&#8220; _builder_version=&#8220;3.22.2&#8243; background_color=&#8220;rgba(0,0,0,0.44)&#8220; background_image=&#8220;https:\/\/www.dusektesar.cz\/wp-content\/uploads\/2019\/09\/banner-2.png&#8220; background_blend=&#8220;overlay&#8220; custom_margin=&#8220;|||&#8220; custom_padding=&#8220;90px||220px|&#8220; custom_padding_phone=&#8220;100px||185px|&#8220;][et_pb_row custom_padding=&#8220;0|0px|0|0px&#8220; _builder_version=&#8220;3.22&#8243; background_color_gradient_direction=&#8220;135deg&#8220; background_size=&#8220;initial&#8220; background_position=&#8220;top_left&#8220; background_repeat=&#8220;repeat&#8220; max_width=&#8220;1063px&#8220; animation_style=&#8220;flip&#8220; animation_direction=&#8220;bottom&#8220; animation_duration=&#8220;1250ms&#8220; animation_intensity_flip=&#8220;100%&#8220; use_custom_width=&#8220;on&#8220; custom_width_px=&#8220;1063px&#8220;][et_pb_column type=&#8220;4_4&#8243; _builder_version=&#8220;3.0.47&#8243;][et_pb_text _builder_version=&#8220;3.22.2&#8243; text_font=&#8220;||||||||&#8220; header_font=&#8220;|800|||||||&#8220; header_text_align=&#8220;center&#8220; header_font_size=&#8220;70px&#8220; header_font_size_tablet=&#8220;52px&#8220; header_font_size_phone=&#8220;40px&#8220; header_font_size_last_edited=&#8220;on|tablet&#8220; header_letter_spacing=&#8220;5px&#8220; header_text_shadow_style=&#8220;preset3&#8243; header_text_shadow_horizontal_length=&#8220;0.03em&#8220; header_text_shadow_vertical_length=&#8220;0.03em&#8220; header_text_shadow_blur_strength=&#8220;0.01em&#8220; background_color_gradient_direction=&#8220;90deg&#8220; background_layout=&#8220;dark&#8220; custom_margin=&#8220;|||&#8220; custom_padding=&#8220;30px|||&#8220;] PRON\u00c1JEM BYT\u016e A S\u00c1LU KD [\/et_pb_text][\/et_pb_column][\/et_pb_row][\/et_pb_section][et_pb_section fb_built=&#8220;1&#8243; _builder_version=&#8220;3.22&#8243; background_color=&#8220;rgba(255,255,255,0)&#8220; custom_margin=&#8220;-230px|||&#8220; custom_padding=&#8220;110px|0px|4px|0px&#8220; bottom_divider_style=&#8220;arrow&#8220; bottom_divider_color=&#8220;#f5f5f5&#8243; [&hellip;]<\/p>\n","protected":false},"author":4,"featured_media":0,"parent":0,"menu_order":0,"comment_status":"closed","ping_status":"closed","template":"","meta":{"_et_pb_use_builder":"on","_et_pb_old_content":""},"_links":{"self":[{"href":"https:\/\/www.dusektesar.cz\/index.php?rest_route=\/wp\/v2\/pages\/273"}],"collection":[{"href":"https:\/\/www.dusektesar.cz\/index.php?rest_route=\/wp\/v2\/pages"}],"about":[{"href":"https:\/\/www.dusektesar.cz\/index.php?rest_route=\/wp\/v2\/types\/page"}],"author":[{"embeddable":true,"href":"https:\/\/www.dusektesar.cz\/index.php?rest_route=\/wp\/v2\/users\/4"}],"replies":[{"embeddable":true,"href":"https:\/\/www.dusektesar.cz\/index.php?rest_route=%2Fwp%2Fv2%2Fcomments&post=273"}],"version-history":[{"count":6,"href":"https:\/\/www.dusektesar.cz\/index.php?rest_route=\/wp\/v2\/pages\/273\/revisions"}],"predecessor-version":[{"id":361,"href":"https:\/\/www.dusektesar.cz\/index.php?rest_route=\/wp\/v2\/pages\/273\/revisions\/361"}],"wp:attachment":[{"href":"https:\/\/www.dusektesar.cz\/index.php?rest_route=%2Fwp%2Fv2%2Fmedia&parent=273"}],"curies":[{"name":"wp","href":"https:\/\/api.w.org\/{rel}","templated":true}]}}