{"id":263,"date":"2019-08-27T17:57:43","date_gmt":"2019-08-27T17:57:43","guid":{"rendered":"https:\/\/dev.net-vision.cz\/dusektesar.cz\/?page_id=263"},"modified":"2019-09-16T10:13:14","modified_gmt":"2019-09-16T10:13:14","slug":"zednicke-a-obkladacske-prace","status":"publish","type":"page","link":"https:\/\/www.dusektesar.cz\/?page_id=263","title":{"rendered":"ZEDNICK\u00c9 A OBKLADA\u010cSK\u00c9 PR\u00c1CE"},"content":{"rendered":"<p>[et_pb_section fb_built=&#8220;1&#8243; custom_padding_last_edited=&#8220;on|phone&#8220; _builder_version=&#8220;3.22.2&#8243; background_color=&#8220;rgba(0,0,0,0.44)&#8220; background_image=&#8220;https:\/\/www.dusektesar.cz\/wp-content\/uploads\/2019\/09\/banner-2.png&#8220; background_blend=&#8220;overlay&#8220; custom_margin=&#8220;|||&#8220; custom_padding=&#8220;90px||220px|&#8220; custom_padding_phone=&#8220;100px||185px|&#8220;][et_pb_row custom_padding=&#8220;0|0px|0|0px&#8220; _builder_version=&#8220;3.22&#8243; background_color_gradient_direction=&#8220;135deg&#8220; background_size=&#8220;initial&#8220; background_position=&#8220;top_left&#8220; background_repeat=&#8220;repeat&#8220; max_width=&#8220;1063px&#8220; animation_style=&#8220;flip&#8220; animation_direction=&#8220;bottom&#8220; animation_duration=&#8220;1250ms&#8220; animation_intensity_flip=&#8220;100%&#8220; use_custom_width=&#8220;on&#8220; custom_width_px=&#8220;1063px&#8220;][et_pb_column type=&#8220;4_4&#8243; _builder_version=&#8220;3.0.47&#8243;][et_pb_text _builder_version=&#8220;3.22.2&#8243; text_font=&#8220;||||||||&#8220; header_font=&#8220;|800|||||||&#8220; header_text_align=&#8220;center&#8220; header_font_size=&#8220;70px&#8220; header_font_size_tablet=&#8220;52px&#8220; header_font_size_phone=&#8220;40px&#8220; header_font_size_last_edited=&#8220;on|tablet&#8220; header_letter_spacing=&#8220;5px&#8220; header_text_shadow_style=&#8220;preset3&#8243; header_text_shadow_horizontal_length=&#8220;0.03em&#8220; header_text_shadow_vertical_length=&#8220;0.03em&#8220; header_text_shadow_blur_strength=&#8220;0.01em&#8220; background_color_gradient_direction=&#8220;90deg&#8220; background_layout=&#8220;dark&#8220; custom_margin=&#8220;|||&#8220; custom_padding=&#8220;30px|||&#8220;]<\/p>\n<h1 class=\"et_pb_module_header\">ZEDNICK\u00c9 A OBKLADA\u010cSK\u00c9 PR\u00c1CE<\/h1>\n<p>[\/et_pb_text][\/et_pb_column][\/et_pb_row][\/et_pb_section][et_pb_section fb_built=&#8220;1&#8243; _builder_version=&#8220;3.22&#8243; background_color=&#8220;rgba(255,255,255,0)&#8220; custom_margin=&#8220;-230px|||&#8220; custom_padding=&#8220;110px|0px|4px|0px&#8220; bottom_divider_style=&#8220;arrow&#8220; bottom_divider_color=&#8220;#f5f5f5&#8243; bottom_divider_height=&#8220;150px&#8220; bottom_divider_height_tablet=&#8220;83px&#8220; bottom_divider_height_phone=&#8220;63px&#8220; bottom_divider_height_last_edited=&#8220;on|desktop&#8220;][et_pb_row custom_padding=&#8220;50px|50px|50px|50px&#8220; custom_padding_phone=&#8220;|0px||0px&#8220; custom_margin=&#8220;|||&#8220; make_equal=&#8220;on&#8220; custom_padding_last_edited=&#8220;on|phone&#8220; padding_1_tablet=&#8220;|50px|0px|&#8220; padding_2_tablet=&#8220;150px||150px|&#8220; padding_1_phone=&#8220;35px|35px|0px|35px&#8220; padding_2_phone=&#8220;100px||100px|&#8220; padding_1_last_edited=&#8220;on|tablet&#8220; padding_2_last_edited=&#8220;on|tablet&#8220; _builder_version=&#8220;3.22&#8243; background_color=&#8220;#ffffff&#8220; border_radii=&#8220;on|10px|10px|10px|10px&#8220; box_shadow_style=&#8220;preset1&#8243; box_shadow_blur=&#8220;35px&#8220; box_shadow_spread=&#8220;10px&#8220; box_shadow_color=&#8220;rgba(0,0,0,0.1)&#8220; animation_style=&#8220;slide&#8220; animation_direction=&#8220;bottom&#8220; animation_starting_opacity=&#8220;100%&#8220; custom_css_main_element=&#8220;z-index:99999;&#8220;][et_pb_column type=&#8220;2_3&#8243; _builder_version=&#8220;3.0.47&#8243;][et_pb_text _builder_version=&#8220;3.22.2&#8243; text_font=&#8220;||||||||&#8220; header_font=&#8220;||||||||&#8220; header_2_font=&#8220;|600|||||||&#8220; header_2_text_align=&#8220;left&#8220; header_2_text_color=&#8220;#00aaa2&#8243; header_2_font_size=&#8220;36px&#8220; header_2_font_size_phone=&#8220;30px&#8220; header_2_font_size_last_edited=&#8220;on|phone&#8220; header_2_letter_spacing=&#8220;8px&#8220; custom_margin=&#8220;||25px|&#8220;]<\/p>\n<h2>Zednick\u00e9 a obklada\u010dsk\u00e9 pr\u00e1ce<\/h2>\n<p>[\/et_pb_text][et_pb_text _builder_version=&#8220;3.22.2&#8243;]<\/p>\n<ul>\n<li>Rekonstrukce byt\u016f<\/li>\n<li>Bytov\u00e1 j\u00e1dra<\/li>\n<li>Bytov\u00e9 dla\u017eby<\/li>\n<li>Stavba a opravy rodinn\u00fdch dom\u016f<\/li>\n<li>Bourac\u00ed pr\u00e1ce<\/li>\n<li>Hrub\u00e9 stavby<\/li>\n<li>Zateplen\u00ed fas\u00e1d<\/li>\n<\/ul>\n<p>[\/et_pb_text][\/et_pb_column][et_pb_column type=&#8220;1_3&#8243; _builder_version=&#8220;3.0.47&#8243;][et_pb_image src=&#8220;https:\/\/www.dusektesar.cz\/wp-content\/uploads\/2019\/08\/obklad.jpg&#8220; _builder_version=&#8220;3.22.2&#8243; custom_margin=&#8220;75px|||&#8220; custom_margin_tablet=&#8220;0px|||&#8220; custom_margin_last_edited=&#8220;on|desktop&#8220;][\/et_pb_image][\/et_pb_column][\/et_pb_row][\/et_pb_section][et_pb_section fb_built=&#8220;1&#8243; custom_padding_last_edited=&#8220;on|phone&#8220; next_background_color=&#8220;#000000&#8243; _builder_version=&#8220;3.22&#8243; custom_padding=&#8220;175px|0px|200px|0px&#8220; custom_padding_phone=&#8220;||200px|&#8220; top_divider_style=&#8220;arrow&#8220; top_divider_color=&#8220;#f5f5f5&#8243; top_divider_height=&#8220;190px&#8220; top_divider_flip=&#8220;vertical&#8220; top_divider_height_tablet=&#8220;83px&#8220; top_divider_height_phone=&#8220;63px&#8220; top_divider_height_last_edited=&#8220;on|tablet&#8220; bottom_divider_style=&#8220;arrow&#8220; bottom_divider_height=&#8220;150px&#8220; bottom_divider_height_tablet=&#8220;83px&#8220; bottom_divider_height_phone=&#8220;63px&#8220; bottom_divider_height_last_edited=&#8220;on|tablet&#8220;][\/et_pb_section]<\/p>\n","protected":false},"excerpt":{"rendered":"<p>[et_pb_section fb_built=&#8220;1&#8243; custom_padding_last_edited=&#8220;on|phone&#8220; _builder_version=&#8220;3.22.2&#8243; background_color=&#8220;rgba(0,0,0,0.44)&#8220; background_image=&#8220;https:\/\/www.dusektesar.cz\/wp-content\/uploads\/2019\/09\/banner-2.png&#8220; background_blend=&#8220;overlay&#8220; custom_margin=&#8220;|||&#8220; custom_padding=&#8220;90px||220px|&#8220; custom_padding_phone=&#8220;100px||185px|&#8220;][et_pb_row custom_padding=&#8220;0|0px|0|0px&#8220; _builder_version=&#8220;3.22&#8243; background_color_gradient_direction=&#8220;135deg&#8220; background_size=&#8220;initial&#8220; background_position=&#8220;top_left&#8220; background_repeat=&#8220;repeat&#8220; max_width=&#8220;1063px&#8220; animation_style=&#8220;flip&#8220; animation_direction=&#8220;bottom&#8220; animation_duration=&#8220;1250ms&#8220; animation_intensity_flip=&#8220;100%&#8220; use_custom_width=&#8220;on&#8220; custom_width_px=&#8220;1063px&#8220;][et_pb_column type=&#8220;4_4&#8243; _builder_version=&#8220;3.0.47&#8243;][et_pb_text _builder_version=&#8220;3.22.2&#8243; text_font=&#8220;||||||||&#8220; header_font=&#8220;|800|||||||&#8220; header_text_align=&#8220;center&#8220; header_font_size=&#8220;70px&#8220; header_font_size_tablet=&#8220;52px&#8220; header_font_size_phone=&#8220;40px&#8220; header_font_size_last_edited=&#8220;on|tablet&#8220; header_letter_spacing=&#8220;5px&#8220; header_text_shadow_style=&#8220;preset3&#8243; header_text_shadow_horizontal_length=&#8220;0.03em&#8220; header_text_shadow_vertical_length=&#8220;0.03em&#8220; header_text_shadow_blur_strength=&#8220;0.01em&#8220; background_color_gradient_direction=&#8220;90deg&#8220; background_layout=&#8220;dark&#8220; custom_margin=&#8220;|||&#8220; custom_padding=&#8220;30px|||&#8220;] ZEDNICK\u00c9 A OBKLADA\u010cSK\u00c9 PR\u00c1CE [\/et_pb_text][\/et_pb_column][\/et_pb_row][\/et_pb_section][et_pb_section fb_built=&#8220;1&#8243; _builder_version=&#8220;3.22&#8243; background_color=&#8220;rgba(255,255,255,0)&#8220; custom_margin=&#8220;-230px|||&#8220; custom_padding=&#8220;110px|0px|4px|0px&#8220; bottom_divider_style=&#8220;arrow&#8220; bottom_divider_color=&#8220;#f5f5f5&#8243; bottom_divider_height=&#8220;150px&#8220; [&hellip;]<\/p>\n","protected":false},"author":4,"featured_media":0,"parent":0,"menu_order":0,"comment_status":"closed","ping_status":"closed","template":"","meta":{"_et_pb_use_builder":"on","_et_pb_old_content":""},"_links":{"self":[{"href":"https:\/\/www.dusektesar.cz\/index.php?rest_route=\/wp\/v2\/pages\/263"}],"collection":[{"href":"https:\/\/www.dusektesar.cz\/index.php?rest_route=\/wp\/v2\/pages"}],"about":[{"href":"https:\/\/www.dusektesar.cz\/index.php?rest_route=\/wp\/v2\/types\/page"}],"author":[{"embeddable":true,"href":"https:\/\/www.dusektesar.cz\/index.php?rest_route=\/wp\/v2\/users\/4"}],"replies":[{"embeddable":true,"href":"https:\/\/www.dusektesar.cz\/index.php?rest_route=%2Fwp%2Fv2%2Fcomments&post=263"}],"version-history":[{"count":6,"href":"https:\/\/www.dusektesar.cz\/index.php?rest_route=\/wp\/v2\/pages\/263\/revisions"}],"predecessor-version":[{"id":363,"href":"https:\/\/www.dusektesar.cz\/index.php?rest_route=\/wp\/v2\/pages\/263\/revisions\/363"}],"wp:attachment":[{"href":"https:\/\/www.dusektesar.cz\/index.php?rest_route=%2Fwp%2Fv2%2Fmedia&parent=263"}],"curies":[{"name":"wp","href":"https:\/\/api.w.org\/{rel}","templated":true}]}}