{"id":231,"date":"2019-08-26T17:28:15","date_gmt":"2019-08-26T17:28:15","guid":{"rendered":"https:\/\/dev.net-vision.cz\/dusektesar.cz\/?page_id=231"},"modified":"2019-09-16T10:10:12","modified_gmt":"2019-09-16T10:10:12","slug":"index","status":"publish","type":"page","link":"https:\/\/www.dusektesar.cz\/","title":{"rendered":"\u00davod"},"content":{"rendered":"<p>[et_pb_section fb_built=&#8220;1&#8243; custom_padding_last_edited=&#8220;on|phone&#8220; _builder_version=&#8220;3.22.2&#8243; use_background_color_gradient=&#8220;on&#8220; background_color_gradient_start=&#8220;rgba(0,65,109,0.73)&#8220; background_color_gradient_end=&#8220;rgba(0,103,155,0.11)&#8220; background_color_gradient_end_position=&#8220;15%&#8220; background_color_gradient_overlays_image=&#8220;on&#8220; background_image=&#8220;https:\/\/www.dusektesar.cz\/wp-content\/uploads\/2019\/09\/banner-2.png&#8220; custom_margin=&#8220;|||&#8220; custom_padding=&#8220;200px||285px|&#8220; custom_padding_phone=&#8220;100px||185px|&#8220; bottom_divider_style=&#8220;arrow2&#8243; bottom_divider_color=&#8220;#ffffff&#8220;][et_pb_row custom_padding=&#8220;0|0px|0|0px&#8220; _builder_version=&#8220;3.22&#8243; background_color_gradient_direction=&#8220;135deg&#8220; background_size=&#8220;initial&#8220; background_position=&#8220;top_left&#8220; background_repeat=&#8220;repeat&#8220; max_width=&#8220;1063px&#8220; animation_style=&#8220;flip&#8220; animation_direction=&#8220;bottom&#8220; animation_duration=&#8220;1250ms&#8220; animation_intensity_flip=&#8220;100%&#8220; use_custom_width=&#8220;on&#8220; custom_width_px=&#8220;1063px&#8220;][et_pb_column type=&#8220;4_4&#8243; _builder_version=&#8220;3.0.106&#8243;][et_pb_text _builder_version=&#8220;3.22.2&#8243; text_font=&#8220;||||||||&#8220; header_font=&#8220;|800|||||||&#8220; header_text_align=&#8220;center&#8220; header_font_size=&#8220;76px&#8220; header_font_size_tablet=&#8220;52px&#8220; header_font_size_phone=&#8220;40px&#8220; header_font_size_last_edited=&#8220;on|tablet&#8220; header_letter_spacing=&#8220;5px&#8220; header_text_shadow_style=&#8220;preset3&#8243; header_text_shadow_horizontal_length=&#8220;0.03em&#8220; header_text_shadow_vertical_length=&#8220;0.03em&#8220; header_text_shadow_blur_strength=&#8220;0.01em&#8220; background_color_gradient_direction=&#8220;90deg&#8220; background_layout=&#8220;dark&#8220; custom_margin=&#8220;|||&#8220; custom_padding=&#8220;30px|||&#8220;]<\/p>\n<h1>Du\u0161ek &#8211; Tesa\u0159 Jihlava<\/h1>\n<p>[\/et_pb_text][et_pb_divider divider_position=&#8220;center&#8220; divider_weight=&#8220;6px&#8220; _builder_version=&#8220;3.2&#8243; max_width=&#8220;31%&#8220; module_alignment=&#8220;center&#8220; custom_margin=&#8220;|||&#8220; custom_padding=&#8220;|||&#8220;][\/et_pb_divider][\/et_pb_column][\/et_pb_row][et_pb_row custom_padding=&#8220;0|0px|29px|0px&#8220; custom_margin=&#8220;50px|||&#8220; _builder_version=&#8220;3.22&#8243; background_size=&#8220;initial&#8220; background_position=&#8220;top_left&#8220; background_repeat=&#8220;repeat&#8220;][et_pb_column type=&#8220;4_4&#8243; _builder_version=&#8220;3.0.106&#8243;][et_pb_button button_url=&#8220;#kontakt&#8220; button_text=&#8220;Kontakt&#8220; button_alignment=&#8220;center&#8220; _builder_version=&#8220;3.22.2&#8243; custom_button=&#8220;on&#8220; button_text_size=&#8220;20px&#8220; button_text_color=&#8220;#ffffff&#8220; button_bg_color=&#8220;#00729b&#8220; button_bg_use_color_gradient=&#8220;on&#8220; button_bg_color_gradient_start=&#8220;#2f65ed&#8220; button_bg_color_gradient_end=&#8220;#2cc2d6&#8243; button_bg_color_gradient_direction=&#8220;135deg&#8220; button_border_width=&#8220;0px&#8220; button_border_radius=&#8220;40px&#8220; button_letter_spacing=&#8220;2px&#8220; button_font=&#8220;|700|on|on|||||&#8220; button_use_icon=&#8220;off&#8220; box_shadow_style=&#8220;preset1&#8243; box_shadow_blur=&#8220;35px&#8220; box_shadow_spread=&#8220;10px&#8220; box_shadow_color=&#8220;rgba(0,0,0,0.1)&#8220; custom_padding=&#8220;10px|35px|10px|35px&#8220; animation_style=&#8220;zoom&#8220; button_letter_spacing_hover=&#8220;2px&#8220; button_bg_color_hover=&#8220;#00aaa2&#8243; button_text_size__hover_enabled=&#8220;off&#8220; button_one_text_size__hover_enabled=&#8220;off&#8220; button_two_text_size__hover_enabled=&#8220;off&#8220; button_text_color__hover_enabled=&#8220;off&#8220; button_one_text_color__hover_enabled=&#8220;off&#8220; button_two_text_color__hover_enabled=&#8220;off&#8220; button_border_width__hover_enabled=&#8220;off&#8220; button_one_border_width__hover_enabled=&#8220;off&#8220; button_two_border_width__hover_enabled=&#8220;off&#8220; button_border_color__hover_enabled=&#8220;off&#8220; button_one_border_color__hover_enabled=&#8220;off&#8220; button_two_border_color__hover_enabled=&#8220;off&#8220; button_border_radius__hover_enabled=&#8220;off&#8220; button_one_border_radius__hover_enabled=&#8220;off&#8220; button_two_border_radius__hover_enabled=&#8220;off&#8220; button_letter_spacing__hover_enabled=&#8220;on&#8220; button_letter_spacing__hover=&#8220;2px&#8220; button_one_letter_spacing__hover_enabled=&#8220;off&#8220; button_two_letter_spacing__hover_enabled=&#8220;off&#8220; button_bg_color__hover_enabled=&#8220;on&#8220; button_bg_color__hover=&#8220;#00aaa2&#8243; button_one_bg_color__hover_enabled=&#8220;off&#8220; button_two_bg_color__hover_enabled=&#8220;off&#8220;][\/et_pb_button][\/et_pb_column][\/et_pb_row][\/et_pb_section][et_pb_section fb_built=&#8220;1&#8243; _builder_version=&#8220;3.22&#8243; background_color=&#8220;rgba(255,255,255,0)&#8220; custom_margin=&#8220;-230px|||&#8220;][et_pb_row _builder_version=&#8220;3.22&#8243; animation_style=&#8220;slide&#8220; animation_direction=&#8220;bottom&#8220; animation_starting_opacity=&#8220;100%&#8220; custom_css_main_element=&#8220;z-index:99999;&#8220;][et_pb_column type=&#8220;1_3&#8243; _builder_version=&#8220;3.0.106&#8243;][et_pb_blurb title=&#8220;Voda Topen\u00ed Plyn&#8220; use_icon=&#8220;on&#8220; font_icon=&#8220;%%173%%&#8220; use_icon_font_size=&#8220;on&#8220; icon_font_size=&#8220;70px&#8220; _builder_version=&#8220;3.22.2&#8243; header_font=&#8220;||on||||||&#8220; header_text_align=&#8220;center&#8220; header_font_size=&#8220;22px&#8220; body_font=&#8220;||||||||&#8220; body_text_align=&#8220;center&#8220; background_color=&#8220;#ffffff&#8220; border_radii=&#8220;on|10px|10px|10px|10px&#8220; box_shadow_style=&#8220;preset1&#8243; box_shadow_blur=&#8220;35px&#8220; box_shadow_spread=&#8220;10px&#8220; box_shadow_color=&#8220;rgba(0,0,0,0.1)&#8220; min_height=&#8220;378px&#8220; custom_padding=&#8220;35px|35px|35px|35px&#8220;]<\/p>\n<p>Voda<\/p>\n<p>Topen\u00ed<\/p>\n<p>Plyn<\/p>\n<p><a href=\"https:\/\/www.dusektesar.cz\/?page_id=248\">V\u00edce<\/a><\/p>\n<p>[\/et_pb_blurb][\/et_pb_column][et_pb_column type=&#8220;1_3&#8243; _builder_version=&#8220;3.0.106&#8243;][et_pb_blurb title=&#8220;Klep\u00ed\u0159sk\u00e9 a pokr\u00fdva\u010dsk\u00e9 pr\u00e1ce&#8220; use_icon=&#8220;on&#8220; font_icon=&#8220;%%236%%&#8220; use_icon_font_size=&#8220;on&#8220; icon_font_size=&#8220;70px&#8220; _builder_version=&#8220;3.22.2&#8243; header_font=&#8220;||on||||||&#8220; header_text_align=&#8220;center&#8220; header_font_size=&#8220;22px&#8220; body_font=&#8220;||||||||&#8220; body_text_align=&#8220;center&#8220; background_color=&#8220;#ffffff&#8220; border_radii=&#8220;on|10px|10px|10px|10px&#8220; box_shadow_style=&#8220;preset1&#8243; box_shadow_blur=&#8220;35px&#8220; box_shadow_spread=&#8220;10px&#8220; box_shadow_color=&#8220;rgba(0,0,0,0.1)&#8220; custom_padding=&#8220;35px|35px|35px|35px&#8220;]<\/p>\n<p><span>Povrchov\u00e1 \u00faprava<\/span><\/p>\n<p><span> Pokl\u00e1dka st\u0159e\u0161n\u00ed krytiny a dokon\u010dovac\u00ed pr\u00e1ce.<\/span><\/p>\n<p><a href=\"https:\/\/www.dusektesar.cz\/?page_id=257\">V\u00edce<\/a><\/p>\n<p>[\/et_pb_blurb][\/et_pb_column][et_pb_column type=&#8220;1_3&#8243; _builder_version=&#8220;3.0.106&#8243;][et_pb_blurb title=&#8220;Zednick\u00e9 a obklada\u010dsk\u00e9 pr\u00e1ce&#8220; use_icon=&#8220;on&#8220; font_icon=&#8220;%%253%%&#8220; use_icon_font_size=&#8220;on&#8220; icon_font_size=&#8220;70px&#8220; _builder_version=&#8220;3.22.2&#8243; header_font=&#8220;||on||||||&#8220; header_text_align=&#8220;center&#8220; header_font_size=&#8220;22px&#8220; body_font=&#8220;||||||||&#8220; body_text_align=&#8220;center&#8220; background_color=&#8220;#ffffff&#8220; border_radii=&#8220;on|10px|10px|10px|10px&#8220; box_shadow_style=&#8220;preset1&#8243; box_shadow_blur=&#8220;35px&#8220; box_shadow_spread=&#8220;10px&#8220; box_shadow_color=&#8220;rgba(0,0,0,0.1)&#8220; min_height=&#8220;371px&#8220; custom_padding=&#8220;35px|35px|35px|35px&#8220;]<\/p>\n<p>Zednick\u00e9 pr\u00e1ce<\/p>\n<p>Oblada\u010dsk\u00e9 pr\u00e1ce<\/p>\n<p><a href=\"https:\/\/www.dusektesar.cz\/?page_id=263\">V\u00edce<\/a><\/p>\n<p>[\/et_pb_blurb][\/et_pb_column][\/et_pb_row][\/et_pb_section][et_pb_section fb_built=&#8220;1&#8243; _builder_version=&#8220;3.22&#8243; background_color=&#8220;rgba(255,255,255,0)&#8220; custom_margin=&#8220;-230px|||&#8220;][et_pb_row custom_padding=&#8220;131px|11px||||&#8220; custom_margin=&#8220;33px|200px||277px||&#8220; _builder_version=&#8220;3.22&#8243; width=&#8220;68.2%&#8220; min_height=&#8220;333px&#8220; animation_style=&#8220;slide&#8220; animation_direction=&#8220;bottom&#8220; animation_starting_opacity=&#8220;100%&#8220; custom_css_main_element=&#8220;z-index:99999;&#8220;][et_pb_column type=&#8220;1_3&#8243; _builder_version=&#8220;3.0.106&#8243;][et_pb_blurb title=&#8220;Pron\u00e1jem Plo\u0161iny&#8220; use_icon=&#8220;on&#8220; font_icon=&#8220;%%265%%&#8220; use_icon_font_size=&#8220;on&#8220; icon_font_size=&#8220;70px&#8220; _builder_version=&#8220;3.22.2&#8243; header_font=&#8220;||on||||||&#8220; header_text_align=&#8220;center&#8220; header_font_size=&#8220;22px&#8220; body_font=&#8220;||||||||&#8220; body_text_align=&#8220;center&#8220; background_color=&#8220;#ffffff&#8220; border_radii=&#8220;on|10px|10px|10px|10px&#8220; box_shadow_style=&#8220;preset1&#8243; box_shadow_blur=&#8220;35px&#8220; box_shadow_spread=&#8220;10px&#8220; box_shadow_color=&#8220;rgba(0,0,0,0.1)&#8220; custom_padding=&#8220;35px|35px|35px|35px&#8220;]<\/p>\n<p><span>MP 27m Tatra<\/span><\/p>\n<p><span>MP 16m Avia<\/span><\/p>\n<p><a href=\"https:\/\/www.dusektesar.cz\/?page_id=268\">V\u00edce<\/a><\/p>\n<p>[\/et_pb_blurb][\/et_pb_column][et_pb_column type=&#8220;1_3&#8243; _builder_version=&#8220;3.0.106&#8243;][et_pb_blurb title=&#8220;Pron\u00e1jem byt\u016f a S\u00e1lu KD&#8220; use_icon=&#8220;on&#8220; font_icon=&#8220;%%95%%&#8220; use_icon_font_size=&#8220;on&#8220; icon_font_size=&#8220;70px&#8220; _builder_version=&#8220;3.22.2&#8243; header_font=&#8220;||on||||||&#8220; header_text_align=&#8220;center&#8220; header_font_size=&#8220;22px&#8220; body_font=&#8220;||||||||&#8220; body_text_align=&#8220;center&#8220; background_color=&#8220;#ffffff&#8220; border_radii=&#8220;on|10px|10px|10px|10px&#8220; box_shadow_style=&#8220;preset1&#8243; box_shadow_blur=&#8220;35px&#8220; box_shadow_spread=&#8220;10px&#8220; box_shadow_color=&#8220;rgba(0,0,0,0.1)&#8220; custom_padding=&#8220;35px|35px|35px|35px&#8220;]<\/p>\n<p><span>Pron\u00e1jem s\u00e1lu s kapacitou 250 &#8211; 300 osob.<\/span><\/p>\n<p><a href=\"https:\/\/www.dusektesar.cz\/?page_id=273\">V\u00edce<\/a><\/p>\n<p>[\/et_pb_blurb][\/et_pb_column][et_pb_column type=&#8220;1_3&#8243; _builder_version=&#8220;3.0.106&#8243;][et_pb_blurb title=&#8220;\u010di\u0161t\u011bn\u00ed kanalizace&#8220; use_icon=&#8220;on&#8220; font_icon=&#8220;%%174%%&#8220; use_icon_font_size=&#8220;on&#8220; icon_font_size=&#8220;70px&#8220; _builder_version=&#8220;3.22.2&#8243; header_font=&#8220;||on||||||&#8220; header_text_align=&#8220;center&#8220; header_font_size=&#8220;22px&#8220; body_font=&#8220;||||||||&#8220; body_text_align=&#8220;center&#8220; background_color=&#8220;#ffffff&#8220; border_radii=&#8220;on|10px|10px|10px|10px&#8220; box_shadow_style=&#8220;preset1&#8243; box_shadow_blur=&#8220;35px&#8220; box_shadow_spread=&#8220;10px&#8220; box_shadow_color=&#8220;rgba(0,0,0,0.1)&#8220; custom_margin=&#8220;|-4px||||&#8220; custom_padding=&#8220;35px|35px|35px|40px||&#8220;]<\/p>\n<p>Prohl\u00eddka kanalizace kamerou<\/p>\n<p><span>Pro\u010di\u0161t\u011bn\u00ed ucpan\u00e9 kanalizace<\/span><\/p>\n<p><a href=\"https:\/\/www.dusektesar.cz\/?page_id=290\">V\u00edce<\/a><\/p>\n<p>[\/et_pb_blurb][\/et_pb_column][\/et_pb_row][\/et_pb_section][et_pb_section fb_built=&#8220;1&#8243; _builder_version=&#8220;3.22.2&#8243; custom_padding=&#8220;0|0px|0|0px&#8220; bottom_divider_style=&#8220;arrow&#8220; bottom_divider_color=&#8220;#f5f5f5&#8243; bottom_divider_height=&#8220;190px&#8220; bottom_divider_height_tablet=&#8220;83px&#8220; bottom_divider_height_phone=&#8220;63px&#8220; bottom_divider_height_last_edited=&#8220;on|phone&#8220; animation_style=&#8220;zoom&#8220;][et_pb_row use_custom_gutter=&#8220;on&#8220; gutter_width=&#8220;1&#8243; custom_padding=&#8220;0|0px|0|0px&#8220; make_equal=&#8220;on&#8220; bg_img_1=&#8220;https:\/\/www.dusektesar.cz\/wp-content\/uploads\/2019\/08\/kolaz.jpg&#8220; padding_top_1=&#8220;0px&#8220; padding_top_2=&#8220;8%&#8220; padding_right_2=&#8220;10%&#8220; padding_bottom_2=&#8220;8%&#8220; padding_left_2=&#8220;10%&#8220; padding_1_tablet=&#8220;200px|||&#8220; padding_2_tablet=&#8220;100px|75px||75px&#8220; padding_2_phone=&#8220;100px|50px||50px&#8220; padding_1_last_edited=&#8220;on|phone&#8220; padding_2_last_edited=&#8220;on|tablet&#8220; _builder_version=&#8220;3.22.2&#8243; width=&#8220;100%&#8220; max_width=&#8220;100%&#8220; use_custom_width=&#8220;on&#8220; width_unit=&#8220;off&#8220; custom_width_percent=&#8220;100%&#8220;][et_pb_column type=&#8220;1_2&#8243; _builder_version=&#8220;3.0.106&#8243;][\/et_pb_column][et_pb_column type=&#8220;1_2&#8243; _builder_version=&#8220;3.0.106&#8243;][et_pb_text _builder_version=&#8220;3.22.2&#8243; header_font=&#8220;||||||||&#8220; header_2_font=&#8220;|600|||||||&#8220; header_2_text_align=&#8220;left&#8220; header_2_text_color=&#8220;#00aaa2&#8243; header_2_font_size=&#8220;36px&#8220; header_2_font_size_phone=&#8220;30px&#8220; header_2_font_size_last_edited=&#8220;on|phone&#8220; header_2_letter_spacing=&#8220;8px&#8220; custom_margin=&#8220;||25px|&#8220;]<\/p>\n<h2>O n\u00e1s<\/h2>\n<p>[\/et_pb_text][et_pb_text _builder_version=&#8220;3.22.2&#8243; text_font=&#8220;||||||||&#8220; text_text_color=&#8220;#7a7a7a&#8220; text_font_size=&#8220;18px&#8220; text_line_height=&#8220;2.2em&#8220;]<\/p>\n<p>Firma byla zalo\u017eena v roce 1990 panem Vladim\u00edrem Du\u0161kem a panem Petrem Tesa\u0159em. Ji\u017e od zalo\u017een\u00ed na\u0161\u00ed firmy zaji\u0161\u0165ujeme<span>\u00a0<\/span><strong>PORUCHOVOU SLU\u017dBU NON STOP NA <\/strong><\/p>\n<p><strong>TEL. 567 210 277<\/strong><\/p>\n<p>R\u00e1di V\u00e1m p\u0159iprav\u00edme<span>\u00a0<\/span><strong>CENOVOU NAB\u00cdDKU ZDARMA!<\/strong><\/p>\n<p>Garantujeme V\u00e1m profesion\u00e1ln\u00ed p\u0159\u00edstup, perfektn\u00ed servis a atraktivn\u00ed ceny. C\u00edlem na\u0161\u00ed firmy je z\u00edskat d\u016fv\u011bru klient\u016f a jejich spokojenost.<\/p>\n<p><strong>Individu\u00e1ln\u00ed p\u0159\u00edstup ke klient\u016fm!<\/strong><\/p>\n<p>[\/et_pb_text][\/et_pb_column][\/et_pb_row][\/et_pb_section][et_pb_section fb_built=&#8220;1&#8243; next_background_color=&#8220;#f5f5f5&#8243; _builder_version=&#8220;3.22&#8243; custom_padding=&#8220;175px|0px|200px|0px&#8220; top_divider_style=&#8220;arrow&#8220; top_divider_color=&#8220;#f5f5f5&#8243; top_divider_height=&#8220;190px&#8220; top_divider_flip=&#8220;vertical&#8220; top_divider_height_tablet=&#8220;83px&#8220; top_divider_height_phone=&#8220;63px&#8220; top_divider_height_last_edited=&#8220;on|tablet&#8220; bottom_divider_style=&#8220;arrow&#8220; bottom_divider_height=&#8220;150px&#8220; bottom_divider_height_tablet=&#8220;83px&#8220; bottom_divider_height_phone=&#8220;63px&#8220; bottom_divider_height_last_edited=&#8220;on|tablet&#8220;][et_pb_row _builder_version=&#8220;3.22.2&#8243; animation_style=&#8220;slide&#8220; animation_direction=&#8220;left&#8220; animation_starting_opacity=&#8220;100%&#8220;][et_pb_column type=&#8220;4_4&#8243; _builder_version=&#8220;3.0.106&#8243;][et_pb_text _builder_version=&#8220;3.22.2&#8243; header_font=&#8220;||||||||&#8220; header_2_font=&#8220;|600|on||||||&#8220; header_2_text_align=&#8220;center&#8220; header_2_text_color=&#8220;#00aaa2&#8243; header_2_font_size=&#8220;36px&#8220; header_2_font_size_phone=&#8220;25px&#8220; header_2_font_size_last_edited=&#8220;on|phone&#8220; header_2_letter_spacing=&#8220;12px&#8220;]<\/p>\n<h2>Kontakty<\/h2>\n<p>[\/et_pb_text][\/et_pb_column][\/et_pb_row][et_pb_row custom_padding=&#8220;50px||50px|&#8220; _builder_version=&#8220;3.22.2&#8243; border_width_top=&#8220;3px&#8220; border_color_top=&#8220;rgba(0,88,170,0.23)&#8220; border_width_bottom=&#8220;3px&#8220; border_color_bottom=&#8220;rgba(0,88,170,0.23)&#8220; module_alignment=&#8220;center&#8220; animation_style=&#8220;slide&#8220; animation_direction=&#8220;right&#8220; animation_starting_opacity=&#8220;100%&#8220;][et_pb_column type=&#8220;4_4&#8243; _builder_version=&#8220;3.0.106&#8243;][et_pb_text module_id=&#8220;kontakt&#8220; _builder_version=&#8220;3.22.2&#8243; text_font=&#8220;||on||||||&#8220; text_text_color=&#8220;#848484&#8243; text_font_size=&#8220;24px&#8220; text_font_size_phone=&#8220;18px&#8220; text_font_size_last_edited=&#8220;on|phone&#8220; text_line_height=&#8220;1.8em&#8220; text_orientation=&#8220;center&#8220; max_width=&#8220;75%&#8220; max_width_last_edited=&#8220;on|desktop&#8220; module_alignment=&#8220;center&#8220;]<\/p>\n<p>Na Dolech 2397\/8<br \/> 586 01 Jihlava<\/p>\n<p>Tel.: +420 567 210 277<br \/> Fax: +420 567 322 066<\/p>\n<p><a href=\"https:\/\/www.dusektesar.cz\/\">www.dusektesar.cz<\/a><br \/> <a href=\"mailto:duskova.majka@seznam.cz\">duskova.majka@seznam.cz<\/a><\/p>\n<p>[\/et_pb_text][\/et_pb_column][\/et_pb_row][\/et_pb_section][et_pb_section fb_built=&#8220;1&#8243; custom_padding_last_edited=&#8220;on|phone&#8220; _builder_version=&#8220;3.22&#8243; background_color=&#8220;#f5f5f5&#8243; custom_padding=&#8220;59px|0px|230px|0px&#8220; custom_padding_tablet=&#8220;||150px|&#8220; custom_padding_phone=&#8220;||100px|&#8220; bottom_divider_style=&#8220;mountains2&#8243; bottom_divider_color=&#8220;#00aaa2&#8243; bottom_divider_height=&#8220;111px&#8220; bottom_divider_repeat=&#8220;10x&#8220; bottom_divider_flip=&#8220;horizontal&#8220; bottom_divider_height_tablet=&#8220;89px&#8220; bottom_divider_height_phone=&#8220;69px&#8220; bottom_divider_height_last_edited=&#8220;on|tablet&#8220; bottom_divider_repeat_tablet=&#8220;7x&#8220; bottom_divider_repeat_phone=&#8220;5x&#8220; bottom_divider_repeat_last_edited=&#8220;on|phone&#8220;][\/et_pb_section]<\/p>\n","protected":false},"excerpt":{"rendered":"<p>[et_pb_section fb_built=&#8220;1&#8243; custom_padding_last_edited=&#8220;on|phone&#8220; _builder_version=&#8220;3.22.2&#8243; use_background_color_gradient=&#8220;on&#8220; background_color_gradient_start=&#8220;rgba(0,65,109,0.73)&#8220; background_color_gradient_end=&#8220;rgba(0,103,155,0.11)&#8220; background_color_gradient_end_position=&#8220;15%&#8220; background_color_gradient_overlays_image=&#8220;on&#8220; background_image=&#8220;https:\/\/www.dusektesar.cz\/wp-content\/uploads\/2019\/09\/banner-2.png&#8220; custom_margin=&#8220;|||&#8220; custom_padding=&#8220;200px||285px|&#8220; custom_padding_phone=&#8220;100px||185px|&#8220; bottom_divider_style=&#8220;arrow2&#8243; bottom_divider_color=&#8220;#ffffff&#8220;][et_pb_row custom_padding=&#8220;0|0px|0|0px&#8220; _builder_version=&#8220;3.22&#8243; background_color_gradient_direction=&#8220;135deg&#8220; background_size=&#8220;initial&#8220; background_position=&#8220;top_left&#8220; background_repeat=&#8220;repeat&#8220; max_width=&#8220;1063px&#8220; animation_style=&#8220;flip&#8220; animation_direction=&#8220;bottom&#8220; animation_duration=&#8220;1250ms&#8220; animation_intensity_flip=&#8220;100%&#8220; use_custom_width=&#8220;on&#8220; custom_width_px=&#8220;1063px&#8220;][et_pb_column type=&#8220;4_4&#8243; _builder_version=&#8220;3.0.106&#8243;][et_pb_text _builder_version=&#8220;3.22.2&#8243; text_font=&#8220;||||||||&#8220; header_font=&#8220;|800|||||||&#8220; header_text_align=&#8220;center&#8220; header_font_size=&#8220;76px&#8220; header_font_size_tablet=&#8220;52px&#8220; header_font_size_phone=&#8220;40px&#8220; header_font_size_last_edited=&#8220;on|tablet&#8220; header_letter_spacing=&#8220;5px&#8220; header_text_shadow_style=&#8220;preset3&#8243; header_text_shadow_horizontal_length=&#8220;0.03em&#8220; header_text_shadow_vertical_length=&#8220;0.03em&#8220; header_text_shadow_blur_strength=&#8220;0.01em&#8220; background_color_gradient_direction=&#8220;90deg&#8220; background_layout=&#8220;dark&#8220; custom_margin=&#8220;|||&#8220; custom_padding=&#8220;30px|||&#8220;] Du\u0161ek &#8211; Tesa\u0159 Jihlava [\/et_pb_text][et_pb_divider divider_position=&#8220;center&#8220; divider_weight=&#8220;6px&#8220; _builder_version=&#8220;3.2&#8243; [&hellip;]<\/p>\n","protected":false},"author":4,"featured_media":0,"parent":0,"menu_order":0,"comment_status":"closed","ping_status":"closed","template":"","meta":{"_et_pb_use_builder":"on","_et_pb_old_content":""},"_links":{"self":[{"href":"https:\/\/www.dusektesar.cz\/index.php?rest_route=\/wp\/v2\/pages\/231"}],"collection":[{"href":"https:\/\/www.dusektesar.cz\/index.php?rest_route=\/wp\/v2\/pages"}],"about":[{"href":"https:\/\/www.dusektesar.cz\/index.php?rest_route=\/wp\/v2\/types\/page"}],"author":[{"embeddable":true,"href":"https:\/\/www.dusektesar.cz\/index.php?rest_route=\/wp\/v2\/users\/4"}],"replies":[{"embeddable":true,"href":"https:\/\/www.dusektesar.cz\/index.php?rest_route=%2Fwp%2Fv2%2Fcomments&post=231"}],"version-history":[{"count":11,"href":"https:\/\/www.dusektesar.cz\/index.php?rest_route=\/wp\/v2\/pages\/231\/revisions"}],"predecessor-version":[{"id":359,"href":"https:\/\/www.dusektesar.cz\/index.php?rest_route=\/wp\/v2\/pages\/231\/revisions\/359"}],"wp:attachment":[{"href":"https:\/\/www.dusektesar.cz\/index.php?rest_route=%2Fwp%2Fv2%2Fmedia&parent=231"}],"curies":[{"name":"wp","href":"https:\/\/api.w.org\/{rel}","templated":true}]}}